{"id":11,"date":"2025-03-12T08:15:37","date_gmt":"2025-03-12T07:15:37","guid":{"rendered":"http:\/\/parafia.local\/?page_id=9"},"modified":"2026-01-05T18:23:50","modified_gmt":"2026-01-05T17:23:50","slug":"home","status":"publish","type":"page","link":"https:\/\/parafia-psary-stara-wies.pl\/","title":{"rendered":"Home"},"content":{"rendered":"\n<div style=\"height:120px\" aria-hidden=\"true\" class=\"wp-block-spacer\"><\/div>\n\n\n\n<div class=\"wp-block-columns  cols-bordered cols-rounded cols-padding cols-shadow-hover is-layout-flex wp-container-core-columns-is-layout-9d6595d7 wp-block-columns-is-layout-flex\">\n<div class=\"wp-block-column is-layout-flow wp-block-column-is-layout-flow\">\n<figure class=\"wp-block-image aligncenter size-thumbnail is-resized\"><img loading=\"lazy\" decoding=\"async\" width=\"150\" height=\"150\" src=\"http:\/\/parafia-psary-stara-wies.pl\/wp-content\/uploads\/2025\/04\/icon-cross-150x150.png\" alt=\"\" class=\"wp-image-215\" style=\"width:75px;height:75px\" srcset=\"https:\/\/parafia-psary-stara-wies.pl\/wp-content\/uploads\/2025\/04\/icon-cross-150x150.png 150w, https:\/\/parafia-psary-stara-wies.pl\/wp-content\/uploads\/2025\/04\/icon-cross-300x300.png 300w, https:\/\/parafia-psary-stara-wies.pl\/wp-content\/uploads\/2025\/04\/icon-cross.png 512w\" sizes=\"auto, (max-width: 150px) 100vw, 150px\" \/><\/figure>\n\n\n\n<h3 class=\"wp-block-heading has-text-align-center mt-05 mb-1\"><strong>MSZA \u015aW.<\/strong><\/h3>\n\n\n\n<p class=\"has-text-align-center has-normal-font-size\"><strong>Niedziele:<\/strong><\/p>\n\n\n\n<p class=\"has-text-align-center has-normal-font-size\">8:00, 10:00, 12:00<br><br><strong>Poniedzia\u0142ki<\/strong>:<br><br>7:30<\/p>\n\n\n\n<p class=\"has-text-align-center has-normal-font-size\"><strong>W pozosta\u0142e dni:<\/strong><\/p>\n\n\n\n<p class=\"has-text-align-center has-normal-font-size\">17:00<br><br>Dla pewno\u015bci prosimy o sprawdzanie godziny Mszy \u015bw. w zak\u0142adce <br>&#8222;Intencje Mszalne&#8221;<\/p>\n<\/div>\n\n\n\n<div class=\"wp-block-column is-layout-flow wp-block-column-is-layout-flow\">\n<figure class=\"wp-block-image aligncenter size-thumbnail is-resized\"><img loading=\"lazy\" decoding=\"async\" width=\"150\" height=\"150\" src=\"http:\/\/parafia-psary-stara-wies.pl\/wp-content\/uploads\/2025\/04\/icon-church-150x150.png\" alt=\"\" class=\"wp-image-216\" style=\"width:75px;height:75px\" srcset=\"https:\/\/parafia-psary-stara-wies.pl\/wp-content\/uploads\/2025\/04\/icon-church-150x150.png 150w, https:\/\/parafia-psary-stara-wies.pl\/wp-content\/uploads\/2025\/04\/icon-church-300x300.png 300w, https:\/\/parafia-psary-stara-wies.pl\/wp-content\/uploads\/2025\/04\/icon-church.png 512w\" sizes=\"auto, (max-width: 150px) 100vw, 150px\" \/><\/figure>\n\n\n\n<h3 class=\"wp-block-heading has-text-align-center mt-05 mb-1\"><strong><strong>NABO\u017bE\u0143STWA<\/strong><\/strong><\/h3>\n\n\n\n<p class=\"has-text-align-center has-normal-font-size\" style=\"margin-top:0;margin-right:0;margin-bottom:0;margin-left:0\"><strong>&nbsp;Koronka do Mi\u0142osierdzia Bo\u017cego<\/strong><br>Przed msz\u0105 w niedziel\u0119 o 9:40<\/p>\n\n\n\n<p class=\"has-text-align-center has-normal-font-size\" style=\"margin-top:0;margin-right:0;margin-bottom:0;margin-left:0\"><strong>Godzinki do Naj\u015bwi\u0119tszej            Maryi Panny <\/strong> <br>od 7:30 w niedziel\u0119<\/p>\n\n\n\n<p class=\"has-text-align-center has-normal-font-size\" style=\"margin-top:0;margin-right:0;margin-bottom:0;margin-left:0\"><strong>Nowenna do Matki                      Bo\u017cej Nieustaj\u0105cej pomocy<\/strong><br> w \u015brod\u0119 o 17:00<\/p>\n\n\n\n<p class=\"has-text-align-center has-normal-font-size\" style=\"margin-top:0;margin-right:0;margin-bottom:0;margin-left:0\"><strong>Droga krzy\u017cowa<\/strong> <br>W okresie wielkiego postu 16:40<strong> <\/strong><\/p>\n\n\n\n<p class=\"has-text-align-center has-normal-font-size\" style=\"margin-top:0;margin-right:0;margin-bottom:0;margin-left:0\"><strong>Gorzkie \u017cale<\/strong> <br>niedziela po mszy \u015bw. o 12:00<\/p>\n<\/div>\n\n\n\n<div class=\"wp-block-column is-layout-flow wp-block-column-is-layout-flow\">\n<figure class=\"wp-block-image aligncenter size-thumbnail is-resized is-style-default\"><img loading=\"lazy\" decoding=\"async\" width=\"150\" height=\"150\" src=\"http:\/\/parafia-psary-stara-wies.pl\/wp-content\/uploads\/2025\/04\/icon-bible-150x150.png\" alt=\"\" class=\"wp-image-217\" style=\"width:75px;height:75px\" srcset=\"https:\/\/parafia-psary-stara-wies.pl\/wp-content\/uploads\/2025\/04\/icon-bible-150x150.png 150w, https:\/\/parafia-psary-stara-wies.pl\/wp-content\/uploads\/2025\/04\/icon-bible-300x300.png 300w, https:\/\/parafia-psary-stara-wies.pl\/wp-content\/uploads\/2025\/04\/icon-bible.png 512w\" sizes=\"auto, (max-width: 150px) 100vw, 150px\" \/><\/figure>\n\n\n\n<h3 class=\"wp-block-heading has-text-align-center mt-05 mb-1\"><strong>KANCELARIA<\/strong><\/h3>\n\n\n\n<p class=\"has-text-align-center has-normal-font-size\">Czynna w dni powszednie po mszy \u015bwi\u0119tej o 17:00<\/p>\n<\/div>\n<\/div>\n\n\n\n<div style=\"height:100px\" aria-hidden=\"true\" class=\"wp-block-spacer\"><\/div>\n\n\n\n<div class=\"wp-block-group  pt-1 pb-1 is-layout-flow wp-block-group-is-layout-flow\">\n<h2 class=\"wp-block-heading has-text-align-center mb-05 has-xxl-font-size\">Og\u0142oszenia Parafialne<\/h2>\n\n\n\n<hr class=\"wp-block-separator has-css-opacity center mt-2 mb-2\"\/>\n<\/div>\n\n\n\n<div class=\"wp-block-columns are-vertically-aligned-center l m cols-single-md gap-0 is-layout-flex wp-container-core-columns-is-layout-9d6595d7 wp-block-columns-is-layout-flex\">\n<div class=\"wp-block-column is-vertically-aligned-center is-layout-flow wp-block-column-is-layout-flow\" style=\"flex-basis:50%\">\n<figure class=\"wp-block-image aligncenter size-full mb-0\"><img loading=\"lazy\" decoding=\"async\" width=\"2560\" height=\"1441\" src=\"http:\/\/parafia-psary-stara-wies.pl\/wp-content\/uploads\/2026\/01\/20260104_161138-scaled.jpg\" alt=\"\" class=\"wp-image-512\" style=\"object-fit:cover\" srcset=\"https:\/\/parafia-psary-stara-wies.pl\/wp-content\/uploads\/2026\/01\/20260104_161138-scaled.jpg 2560w, https:\/\/parafia-psary-stara-wies.pl\/wp-content\/uploads\/2026\/01\/20260104_161138-300x169.jpg 300w, https:\/\/parafia-psary-stara-wies.pl\/wp-content\/uploads\/2026\/01\/20260104_161138-1024x576.jpg 1024w, https:\/\/parafia-psary-stara-wies.pl\/wp-content\/uploads\/2026\/01\/20260104_161138-768x432.jpg 768w, https:\/\/parafia-psary-stara-wies.pl\/wp-content\/uploads\/2026\/01\/20260104_161138-1536x864.jpg 1536w, https:\/\/parafia-psary-stara-wies.pl\/wp-content\/uploads\/2026\/01\/20260104_161138-2048x1153.jpg 2048w, https:\/\/parafia-psary-stara-wies.pl\/wp-content\/uploads\/2026\/01\/20260104_161138-1140x642.jpg 1140w\" sizes=\"auto, (max-width: 2560px) 100vw, 2560px\" \/><\/figure>\n<\/div>\n\n\n\n<div class=\"wp-block-column is-vertically-aligned-center p-big is-layout-flow wp-block-column-is-layout-flow\" style=\"flex-basis:50%\">\n<h2 class=\"wp-block-heading mb-0 mt-1\">Najnowsze og\u0142oszenie<\/h2>\n\n\n\n<hr class=\"wp-block-separator has-css-opacity mt-2 mb-2\"\/>\n\n\n\n<h4 class=\"wp-block-heading\">IV Kol\u0119dowanie w Sercu G\u00f3r \u015awi\u0119tokrzyskich &#8211; relacja<\/h4>\n\n\n\n<p><strong>Wsp\u00f3lne kol\u0119dowanie w naszej parafii<\/strong><\/p>\n\n\n\n<p>W naszej parafii odby\u0142o si\u0119 wsp\u00f3lne kol\u0119dowanie, podczas kt\u00f3rego mogli\u015bmy prze\u017cywa\u0107 rado\u015b\u0107 Bo\u017cego Narodzenia poprzez \u015bpiew kol\u0119d, pastora\u0142ek oraz tradycyjne przedstawienie jase\u0142kowe. Spotkanie zgromadzi\u0142o wielu parafian i go\u015bci, tworz\u0105c ciep\u0142\u0105, \u015bwi\u0105teczn\u0105 atmosfer\u0119 modlitwy i wsp\u00f3lnoty.<\/p>\n\n\n\n<p>Kliknij w odno\u015bnik og\u0142oszenia, by dowiedzie\u0107 si\u0119 wi\u0119cej.<\/p>\n\n\n\n<div class=\"wp-block-buttons mt-3 mb-1 is-layout-flex wp-block-buttons-is-layout-flex\">\n<div class=\"wp-block-button\"><a class=\"wp-block-button__link wp-element-button\" href=\"http:\/\/parafia-psary-stara-wies.pl\/index.php\/category\/ogloszenia\/\">Og\u0142oszenia<\/a><\/div>\n\n\n\n<div class=\"wp-block-button has-custom-width wp-block-button__width-75\"><a class=\"wp-block-button__link has-main-background-color has-background wp-element-button\" href=\"http:\/\/parafia-psary-stara-wies.pl\/index.php\/intencje-mszalne\/\">Intencje Mszalne<\/a><\/div>\n<\/div>\n<\/div>\n<\/div>\n\n\n\n<div style=\"height:100px\" aria-hidden=\"true\" class=\"wp-block-spacer\"><\/div>\n\n\n\n<div class=\"wp-block-group  pt-1 pb-1 is-layout-flow wp-block-group-is-layout-flow\">\n<h2 class=\"wp-block-heading has-text-align-center mb-05 has-xxl-font-size\">Wydarzenia<\/h2>\n\n\n\n<hr class=\"wp-block-separator has-css-opacity center mt-2 mb-2\"\/>\n<\/div>\n\n\n\n<div class=\"wp-block-columns are-vertically-aligned-center l m cols-single-md gap-0 is-layout-flex wp-container-core-columns-is-layout-9d6595d7 wp-block-columns-is-layout-flex\">\n<div class=\"wp-block-column is-vertically-aligned-center is-layout-flow wp-block-column-is-layout-flow\" style=\"flex-basis:50%\">\n<figure class=\"wp-block-image aligncenter size-full is-resized mb-0\"><img loading=\"lazy\" decoding=\"async\" width=\"2048\" height=\"1536\" src=\"http:\/\/parafia-psary-stara-wies.pl\/wp-content\/uploads\/2025\/12\/f40561e7-d558-47ad-bf6e-3d2449cae9f6.jpg\" alt=\"\" class=\"wp-image-484\" style=\"aspect-ratio:1;object-fit:cover;width:446px;height:auto\" srcset=\"https:\/\/parafia-psary-stara-wies.pl\/wp-content\/uploads\/2025\/12\/f40561e7-d558-47ad-bf6e-3d2449cae9f6.jpg 2048w, https:\/\/parafia-psary-stara-wies.pl\/wp-content\/uploads\/2025\/12\/f40561e7-d558-47ad-bf6e-3d2449cae9f6-300x225.jpg 300w, https:\/\/parafia-psary-stara-wies.pl\/wp-content\/uploads\/2025\/12\/f40561e7-d558-47ad-bf6e-3d2449cae9f6-1024x768.jpg 1024w, https:\/\/parafia-psary-stara-wies.pl\/wp-content\/uploads\/2025\/12\/f40561e7-d558-47ad-bf6e-3d2449cae9f6-768x576.jpg 768w, https:\/\/parafia-psary-stara-wies.pl\/wp-content\/uploads\/2025\/12\/f40561e7-d558-47ad-bf6e-3d2449cae9f6-1536x1152.jpg 1536w, https:\/\/parafia-psary-stara-wies.pl\/wp-content\/uploads\/2025\/12\/f40561e7-d558-47ad-bf6e-3d2449cae9f6-1140x855.jpg 1140w\" sizes=\"auto, (max-width: 2048px) 100vw, 2048px\" \/><\/figure>\n<\/div>\n\n\n\n<div class=\"wp-block-column is-vertically-aligned-center p-big is-layout-flow wp-block-column-is-layout-flow\" style=\"flex-basis:50%\">\n<h2 class=\"wp-block-heading mb-0 mt-1\">Najnowsze wydarzenie<\/h2>\n\n\n\n<hr class=\"wp-block-separator has-css-opacity mt-2 mb-2\"\/>\n\n\n\n<h4 class=\"wp-block-heading\">Podsumowanie akcji charytatywnej<\/h4>\n\n\n\n<p>Zbi\u00f3rka Paczek dla Dzieci z Hospicjum w Kielcach<\/p>\n\n\n\n<p>Z rado\u015bci\u0105 informujemy, \u017ce zako\u0144czy\u0142a si\u0119 parafialna akcja przygotowania paczek dla dzieci przebywaj\u0105cych w Hospicjum. Wszystkie zebrane dary zosta\u0142y ju\u017c przekazane potrzebuj\u0105cym.<\/p>\n\n\n\n<p>Kliknij w odno\u015bnik wydarzenia, \u017ceby zobaczy\u0107 pe\u0142ny opis.<\/p>\n\n\n\n<div class=\"wp-block-buttons mt-3 mb-1 is-layout-flex wp-block-buttons-is-layout-flex\">\n<div class=\"wp-block-button\"><a class=\"wp-block-button__link wp-element-button\" href=\"http:\/\/parafia-psary-stara-wies.pl\/index.php\/category\/wydarzenia\/\">Wydarzenia<\/a><\/div>\n\n\n\n<div class=\"wp-block-button has-custom-width wp-block-button__width-75\"><a class=\"wp-block-button__link has-main-background-color has-background wp-element-button\" href=\"http:\/\/parafia-psary-stara-wies.pl\/index.php\/intencje-mszalne\/\">Intencje Mszalne<\/a><\/div>\n<\/div>\n<\/div>\n<\/div>\n\n\n\n<hr class=\"wp-block-separator alignfull has-alpha-channel-opacity mt-5 mb-5\"\/>\n\n\n\n<div style=\"height:100px\" aria-hidden=\"true\" class=\"wp-block-spacer\"><\/div>\n\n\n\n<div class=\"wp-block-columns  cols-shadow-hover cols-padding gap-50 is-layout-flex wp-container-core-columns-is-layout-9d6595d7 wp-block-columns-is-layout-flex\">\n<div class=\"wp-block-column is-layout-flow wp-block-column-is-layout-flow\">\n<figure class=\"wp-block-image aligncenter size-thumbnail is-resized\"><img loading=\"lazy\" decoding=\"async\" width=\"150\" height=\"150\" src=\"http:\/\/parafia-psary-stara-wies.pl\/wp-content\/uploads\/2025\/04\/telefon-150x150.png\" alt=\"\" class=\"wp-image-213\" style=\"object-fit:cover;width:75px;height:75px\"\/><\/figure>\n\n\n\n<h3 class=\"wp-block-heading has-text-align-center mt-05 mb-1\"><strong><strong><br>Telefon<\/strong><\/strong><\/h3>\n\n\n\n<p class=\"has-text-align-center has-normal-font-size\">+48 41 311 52 02<\/p>\n\n\n\n<p class=\"has-text-align-center has-normal-font-size\"><img decoding=\"async\" src=\"\">&nbsp;+48 602 599 055<\/p>\n<\/div>\n\n\n\n<div class=\"wp-block-column is-layout-flow wp-block-column-is-layout-flow\">\n<figure class=\"wp-block-image aligncenter size-thumbnail is-resized\"><img loading=\"lazy\" decoding=\"async\" width=\"150\" height=\"150\" src=\"http:\/\/parafia-psary-stara-wies.pl\/wp-content\/uploads\/2025\/04\/Adres-150x150.png\" alt=\"\" class=\"wp-image-211\" style=\"width:75px;height:75px\"\/><\/figure>\n\n\n\n<h3 class=\"wp-block-heading has-text-align-center mt-05 mb-1\"><strong>Adres<\/strong><\/h3>\n\n\n\n<p class=\"has-text-align-center has-normal-font-size\">Psary-Stara Wie\u015b 49A<\/p>\n\n\n\n<p class=\"has-text-align-center has-normal-font-size\">26-010 Bodzentyn<\/p>\n<\/div>\n<\/div>\n\n\n\n<div class=\"wp-block-columns  cols-shadow-hover cols-padding gap-50 is-layout-flex wp-container-core-columns-is-layout-9d6595d7 wp-block-columns-is-layout-flex\">\n<div class=\"wp-block-column is-layout-flow wp-block-column-is-layout-flow\">\n<figure class=\"wp-block-image aligncenter size-thumbnail is-resized\"><img loading=\"lazy\" decoding=\"async\" width=\"150\" height=\"150\" src=\"http:\/\/parafia-psary-stara-wies.pl\/wp-content\/uploads\/2025\/04\/email-150x150.png\" alt=\"\" class=\"wp-image-209\" style=\"width:75px;height:75px\"\/><\/figure>\n\n\n\n<h3 class=\"wp-block-heading has-text-align-center mt-05 mb-1\"><strong>Email<\/strong><\/h3>\n\n\n\n<p class=\"has-text-align-center has-normal-font-size\">par.psary.starawies@gmail.com<\/p>\n<\/div>\n\n\n\n<div class=\"wp-block-column is-layout-flow wp-block-column-is-layout-flow\">\n<figure class=\"wp-block-image aligncenter size-thumbnail is-resized\"><img loading=\"lazy\" decoding=\"async\" width=\"150\" height=\"150\" src=\"http:\/\/parafia-psary-stara-wies.pl\/wp-content\/uploads\/2025\/04\/konto-150x150.png\" alt=\"\" class=\"wp-image-210\" style=\"width:75px;height:75px\"\/><\/figure>\n\n\n\n<h3 class=\"wp-block-heading has-text-align-center mt-05 mb-1\"><strong>Konto bankowe parafii<\/strong><\/h3>\n\n\n\n<p class=\"has-text-align-center has-normal-font-size\">18 8493 0004 0090 0900 7849 0001<\/p>\n<\/div>\n<\/div>\n\n\n\n<div style=\"height:100px\" aria-hidden=\"true\" class=\"wp-block-spacer\"><\/div>\n\n\n\n<div class=\"wp-block-group  pt-1 pb-1 is-layout-flow wp-block-group-is-layout-flow\">\n<h2 class=\"wp-block-heading has-text-align-center mb-05 has-xxl-font-size\">Litania do \u015bw. Rozalii, dziewicy i pustelnicy <\/h2>\n\n\n\n<hr class=\"wp-block-separator has-css-opacity center mt-2 mb-2\"\/>\n<\/div>\n\n\n\n<figure class=\"wp-block-image aligncenter size-large\"><img loading=\"lazy\" decoding=\"async\" width=\"1024\" height=\"711\" src=\"http:\/\/parafia-psary-stara-wies.pl\/wp-content\/uploads\/2025\/04\/Litania-l94i3yw7-1024x711.jpeg\" alt=\"\" class=\"wp-image-214\" srcset=\"https:\/\/parafia-psary-stara-wies.pl\/wp-content\/uploads\/2025\/04\/Litania-l94i3yw7-1024x711.jpeg 1024w, https:\/\/parafia-psary-stara-wies.pl\/wp-content\/uploads\/2025\/04\/Litania-l94i3yw7-300x208.jpeg 300w, https:\/\/parafia-psary-stara-wies.pl\/wp-content\/uploads\/2025\/04\/Litania-l94i3yw7-768x533.jpeg 768w, https:\/\/parafia-psary-stara-wies.pl\/wp-content\/uploads\/2025\/04\/Litania-l94i3yw7-1536x1066.jpeg 1536w, https:\/\/parafia-psary-stara-wies.pl\/wp-content\/uploads\/2025\/04\/Litania-l94i3yw7-2048x1421.jpeg 2048w, https:\/\/parafia-psary-stara-wies.pl\/wp-content\/uploads\/2025\/04\/Litania-l94i3yw7-1140x791.jpeg 1140w\" sizes=\"auto, (max-width: 1024px) 100vw, 1024px\" \/><\/figure>\n\n\n\n<div style=\"height:100px\" aria-hidden=\"true\" class=\"wp-block-spacer\"><\/div>\n","protected":false},"excerpt":{"rendered":"<p>MSZA \u015aW. Niedziele: 8:00, 10:00, 12:00 Poniedzia\u0142ki: 7:30 W pozosta\u0142e dni: 17:00 Dla pewno\u015bci<span class=\"more-dots\">&#8230;<\/span><\/p>\n","protected":false},"author":1,"featured_media":0,"parent":0,"menu_order":0,"comment_status":"closed","ping_status":"closed","template":"page-templates\/no-sidebar-no-title.php","meta":{"footnotes":""},"class_list":["post-11","page","type-page","status-publish","hentry","no-post-thumbnail"],"_links":{"self":[{"href":"https:\/\/parafia-psary-stara-wies.pl\/index.php\/wp-json\/wp\/v2\/pages\/11","targetHints":{"allow":["GET"]}}],"collection":[{"href":"https:\/\/parafia-psary-stara-wies.pl\/index.php\/wp-json\/wp\/v2\/pages"}],"about":[{"href":"https:\/\/parafia-psary-stara-wies.pl\/index.php\/wp-json\/wp\/v2\/types\/page"}],"author":[{"embeddable":true,"href":"https:\/\/parafia-psary-stara-wies.pl\/index.php\/wp-json\/wp\/v2\/users\/1"}],"replies":[{"embeddable":true,"href":"https:\/\/parafia-psary-stara-wies.pl\/index.php\/wp-json\/wp\/v2\/comments?post=11"}],"version-history":[{"count":17,"href":"https:\/\/parafia-psary-stara-wies.pl\/index.php\/wp-json\/wp\/v2\/pages\/11\/revisions"}],"predecessor-version":[{"id":513,"href":"https:\/\/parafia-psary-stara-wies.pl\/index.php\/wp-json\/wp\/v2\/pages\/11\/revisions\/513"}],"wp:attachment":[{"href":"https:\/\/parafia-psary-stara-wies.pl\/index.php\/wp-json\/wp\/v2\/media?parent=11"}],"curies":[{"name":"wp","href":"https:\/\/api.w.org\/{rel}","templated":true}]}}